{"id":36,"date":"2024-10-15T12:58:04","date_gmt":"2024-10-15T12:58:04","guid":{"rendered":"http:\/\/localhost\/seminario\/?page_id=36"},"modified":"2025-04-01T09:56:41","modified_gmt":"2025-04-01T09:56:41","slug":"programa","status":"publish","type":"page","link":"https:\/\/seminarios.uem.mz\/?page_id=36","title":{"rendered":"Programa"},"content":{"rendered":"\t\t<div data-elementor-type=\"wp-page\" data-elementor-id=\"36\" class=\"elementor elementor-36\" data-elementor-settings=\"{&quot;ha_cmc_init_switcher&quot;:&quot;no&quot;}\">\n\t\t\t\t<div class=\"elementor-element elementor-element-a3562b6 e-flex e-con-boxed e-con e-parent\" data-id=\"a3562b6\" data-element_type=\"container\" data-settings=\"{&quot;_ha_eqh_enable&quot;:false}\">\n\t\t\t\t\t<div class=\"e-con-inner\">\n\t\t<div class=\"elementor-element elementor-element-cd25fdf e-con-full e-flex e-con e-child\" data-id=\"cd25fdf\" data-element_type=\"container\" data-settings=\"{&quot;_ha_eqh_enable&quot;:false}\">\n\t\t\t\t<div class=\"elementor-element elementor-element-a1304ac elementor-widget elementor-widget-heading\" data-id=\"a1304ac\" data-element_type=\"widget\" data-widget_type=\"heading.default\">\n\t\t\t\t<div class=\"elementor-widget-container\">\n\t\t\t<style>\/*! elementor - v3.23.0 - 05-08-2024 *\/\n.elementor-heading-title{padding:0;margin:0;line-height:1}.elementor-widget-heading .elementor-heading-title[class*=elementor-size-]>a{color:inherit;font-size:inherit;line-height:inherit}.elementor-widget-heading .elementor-heading-title.elementor-size-small{font-size:15px}.elementor-widget-heading .elementor-heading-title.elementor-size-medium{font-size:19px}.elementor-widget-heading .elementor-heading-title.elementor-size-large{font-size:29px}.elementor-widget-heading .elementor-heading-title.elementor-size-xl{font-size:39px}.elementor-widget-heading .elementor-heading-title.elementor-size-xxl{font-size:59px}<\/style><h2 class=\"elementor-heading-title elementor-size-default\">Cronograma do Semin\u00e1rio <\/h2>\t\t<\/div>\n\t\t\t\t<\/div>\n\t\t\t\t<div class=\"elementor-element elementor-element-5f4e744 elementor-widget elementor-widget-text-editor\" data-id=\"5f4e744\" data-element_type=\"widget\" data-widget_type=\"text-editor.default\">\n\t\t\t\t<div class=\"elementor-widget-container\">\n\t\t\t<style>\/*! elementor - v3.23.0 - 05-08-2024 *\/\n.elementor-widget-text-editor.elementor-drop-cap-view-stacked .elementor-drop-cap{background-color:#69727d;color:#fff}.elementor-widget-text-editor.elementor-drop-cap-view-framed .elementor-drop-cap{color:#69727d;border:3px solid;background-color:transparent}.elementor-widget-text-editor:not(.elementor-drop-cap-view-default) .elementor-drop-cap{margin-top:8px}.elementor-widget-text-editor:not(.elementor-drop-cap-view-default) .elementor-drop-cap-letter{width:1em;height:1em}.elementor-widget-text-editor .elementor-drop-cap{float:left;text-align:center;line-height:1;font-size:50px}.elementor-widget-text-editor .elementor-drop-cap-letter{display:inline-block}<\/style>\t\t\t\t<p>Comunica\u00e7\u00e3o Digital e Novos Media: que desafios para institui\u00e7\u00f5es p\u00fablicas e privadas?<\/p>\t\t\t\t\t\t<\/div>\n\t\t\t\t<\/div>\n\t\t\t\t<\/div>\n\t\t<div class=\"elementor-element elementor-element-dbe6bf1 e-con-full e-flex e-con e-child\" data-id=\"dbe6bf1\" data-element_type=\"container\" data-settings=\"{&quot;_ha_eqh_enable&quot;:false}\">\n\t\t\t\t<div class=\"elementor-element elementor-element-5ac8d4b elementor-align-center elementor-widget elementor-widget-button\" data-id=\"5ac8d4b\" data-element_type=\"widget\" data-widget_type=\"button.default\">\n\t\t\t\t<div class=\"elementor-widget-container\">\n\t\t\t\t\t<div class=\"elementor-button-wrapper\">\n\t\t\t<a class=\"elementor-button elementor-button-link elementor-size-sm\" href=\"https:\/\/seminarios.uem.mz\/wp-content\/uploads\/2025\/03\/PROGRAMA-II-SEMINARIO-DE-COMUNICACAO-Final.pdf\" target=\"_blank\">\n\t\t\t\t\t\t<span class=\"elementor-button-content-wrapper\">\n\t\t\t\t\t\t<span class=\"elementor-button-icon\">\n\t\t\t\t<i aria-hidden=\"true\" class=\"hm hm-pdf1\"><\/i>\t\t\t<\/span>\n\t\t\t\t\t\t\t\t\t<span class=\"elementor-button-text\">Baixe o Programa do Semin\u00e1rio<\/span>\n\t\t\t\t\t<\/span>\n\t\t\t\t\t<\/a>\n\t\t<\/div>\n\t\t\t\t<\/div>\n\t\t\t\t<\/div>\n\t\t\t\t<\/div>\n\t\t\t\t\t<\/div>\n\t\t\t\t<\/div>\n\t\t<div class=\"elementor-element elementor-element-718016f e-flex e-con-boxed e-con e-parent\" data-id=\"718016f\" data-element_type=\"container\" data-settings=\"{&quot;_ha_eqh_enable&quot;:false}\">\n\t\t\t\t\t<div class=\"e-con-inner\">\n\t\t\t\t<div class=\"elementor-element elementor-element-579d527 elementor-widget elementor-widget-shortcode\" data-id=\"579d527\" data-element_type=\"widget\" data-widget_type=\"shortcode.default\">\n\t\t\t\t<div class=\"elementor-widget-container\">\n\t\t\t\t\t<div class=\"elementor-shortcode\"><!-- schedule tab start -->\n<div class=\"schedule-tab-wrapper etn-tab-wrapper\">\n    <ul class='etn-nav'>\n                    <li>\n                <a href='#' class='etn-tab-a etn-active' data-id='tab246-0'>\n                    <span class='etn-date'>15 Jan<\/span>\n                    <span class=etn-day>Intelig\u00eancia artificial e desafios na comunica\u00e7\u00e3o  institucional<\/span>\n                <\/a>\n\n            <\/li>\n            <\/ul>\n    <div class='etn-tab-content clearfix etn-schedule-wrap'>\n                    <!-- start repeatable item -->\n            <div class='etn-tab tab-active' data-id='tab246-0'>\n                                        <div class='etn-single-schedule-item etn-row'>\n                            <div class='etn-schedule-info etn-col-lg-3 etn-col-sm-3'>\n                                                                    <span> 12:00 pm - 1:00 pm <\/span>\n                                                                        <span class='etn-schedule-location'>\n                                    <i class='etn-icon etn-location'><\/i>UEM                                    <\/span>\n                                                                <\/div>\n                            <div class='etn-schedule-content etn-col-lg-6 etn-col-sm-6'>\n                                <h4 class='etn-title'>Intelig\u00eancia artificial e desafios na comunica\u00e7\u00e3o  institucional <\/h4>\n                                <p>Painel I, II(sess\u00f5es paralelas) <\/p>\n                            <\/div>\n                            <div class='etn-col-lg-3 etn-col-sm-3'>\n                                <div class='etn-schedule-right-content'>\n                                        <div class='etn-schedule-single-speaker'>\n                                            <div class='etn-schedule-speaker'>\n                                                                                                        <div class='etn-schedule-single-speaker'>\n                                                                <a href='https:\/\/seminarios.uem.mz\/?author=3' aria-label=\"Mestre Ad\u00e3o Matimbe\">\n                                                                                                                                            <img src='https:\/\/seminarios.uem.mz\/wp-content\/plugins\/wp-event-solution\/assets\/images\/avatar.jpg' alt='Mestre Ad\u00e3o Matimbe'>\n                                                                                                                                    <\/a>\n                                                                <span class='etn-schedule-speaker-title'>Mestre Ad\u00e3o Matimbe<\/span>\n                                                            <\/div>\n                                                                                                    <\/div>\n                                        <\/div>\n                                <\/div>\n                            <\/div>\n                        <\/div>\n                                                <div class='etn-single-schedule-item etn-row'>\n                            <div class='etn-schedule-info etn-col-lg-3 etn-col-sm-3'>\n                                                            <\/div>\n                            <div class='etn-schedule-content etn-col-lg-6 etn-col-sm-6'>\n                                <h4 class='etn-title'><\/h4>\n                                <p><\/p>\n                            <\/div>\n                            <div class='etn-col-lg-3 etn-col-sm-3'>\n                                <div class='etn-schedule-right-content'>\n                                        <div class='etn-schedule-single-speaker'>\n                                            <div class='etn-schedule-speaker'>\n                                                                                        <\/div>\n                                        <\/div>\n                                <\/div>\n                            <\/div>\n                        <\/div>\n                                    <\/div>\n            <!-- end repeatable item -->\n            <\/div>\n<\/div>\n<!-- schedule tab end -->\n<\/div>\n\t\t\t\t<\/div>\n\t\t\t\t<\/div>\n\t\t\t\t\t<\/div>\n\t\t\t\t<\/div>\n\t\t<div class=\"elementor-element elementor-element-85f67ec e-flex e-con-boxed e-con e-parent\" data-id=\"85f67ec\" data-element_type=\"container\" data-settings=\"{&quot;_ha_eqh_enable&quot;:false}\">\n\t\t\t\t\t<div class=\"e-con-inner\">\n\t\t\t\t<div class=\"elementor-element elementor-element-b4d4512 elementor-widget elementor-widget-shortcode\" data-id=\"b4d4512\" data-element_type=\"widget\" data-widget_type=\"shortcode.default\">\n\t\t\t\t<div class=\"elementor-widget-container\">\n\t\t\t\t\t<div class=\"elementor-shortcode\"><!-- schedule tab start -->\n<div class=\"schedule-tab-wrapper etn-tab-wrapper\">\n    <ul class='etn-nav'>\n                    <li>\n                <a href='#' class='etn-tab-a etn-active' data-id='tab245-0'>\n                    <span class='etn-date'>15 Jan<\/span>\n                    <span class=etn-day>Experi\u00eancias e pr\u00e1ticas do jornalismo na era digital<\/span>\n                <\/a>\n\n            <\/li>\n            <\/ul>\n    <div class='etn-tab-content clearfix etn-schedule-wrap'>\n                    <!-- start repeatable item -->\n            <div class='etn-tab tab-active' data-id='tab245-0'>\n                                        <div class='etn-single-schedule-item etn-row'>\n                            <div class='etn-schedule-info etn-col-lg-3 etn-col-sm-3'>\n                                                                    <span> 12:00 pm - 1:00 pm <\/span>\n                                                                        <span class='etn-schedule-location'>\n                                    <i class='etn-icon etn-location'><\/i>UEM                                    <\/span>\n                                                                <\/div>\n                            <div class='etn-schedule-content etn-col-lg-6 etn-col-sm-6'>\n                                <h4 class='etn-title'>Experi\u00eancias e pr\u00e1ticas do jornalismo na era digital <\/h4>\n                                <p>Comiss\u00e3o Cient\u00edfica<\/p>\n                            <\/div>\n                            <div class='etn-col-lg-3 etn-col-sm-3'>\n                                <div class='etn-schedule-right-content'>\n                                        <div class='etn-schedule-single-speaker'>\n                                            <div class='etn-schedule-speaker'>\n                                                                                        <\/div>\n                                        <\/div>\n                                <\/div>\n                            <\/div>\n                        <\/div>\n                                    <\/div>\n            <!-- end repeatable item -->\n            <\/div>\n<\/div>\n<!-- schedule tab end -->\n<\/div>\n\t\t\t\t<\/div>\n\t\t\t\t<\/div>\n\t\t\t\t\t<\/div>\n\t\t\t\t<\/div>\n\t\t<div class=\"elementor-element elementor-element-2b4ffe7 e-flex e-con-boxed e-con e-parent\" data-id=\"2b4ffe7\" data-element_type=\"container\" data-settings=\"{&quot;_ha_eqh_enable&quot;:false}\">\n\t\t\t\t\t<div class=\"e-con-inner\">\n\t\t\t\t<div class=\"elementor-element elementor-element-2a2046d elementor-widget elementor-widget-shortcode\" data-id=\"2a2046d\" data-element_type=\"widget\" data-widget_type=\"shortcode.default\">\n\t\t\t\t<div class=\"elementor-widget-container\">\n\t\t\t\t\t<div class=\"elementor-shortcode\"><!-- schedule tab start -->\n<div class=\"schedule-tab-wrapper etn-tab-wrapper\">\n    <ul class='etn-nav'>\n                    <li>\n                <a href='#' class='etn-tab-a etn-active' data-id='tab234-0'>\n                    <span class='etn-date'>15 Jan<\/span>\n                    <span class=etn-day>Tend\u00eancias do p\u00fablico e audi\u00eancia no meio digital<\/span>\n                <\/a>\n\n            <\/li>\n            <\/ul>\n    <div class='etn-tab-content clearfix etn-schedule-wrap'>\n                    <!-- start repeatable item -->\n            <div class='etn-tab tab-active' data-id='tab234-0'>\n                                        <div class='etn-single-schedule-item etn-row'>\n                            <div class='etn-schedule-info etn-col-lg-3 etn-col-sm-3'>\n                                                                    <span> 12:00 pm - 1:00 pm <\/span>\n                                                                        <span class='etn-schedule-location'>\n                                    <i class='etn-icon etn-location'><\/i>UEM                                    <\/span>\n                                                                <\/div>\n                            <div class='etn-schedule-content etn-col-lg-6 etn-col-sm-6'>\n                                <h4 class='etn-title'>Tend\u00eancias do p\u00fablico e audi\u00eancia no meio digital <\/h4>\n                                <p>Painel III e IV (Sess\u00f5es paralelas)<\/p>\n                            <\/div>\n                            <div class='etn-col-lg-3 etn-col-sm-3'>\n                                <div class='etn-schedule-right-content'>\n                                        <div class='etn-schedule-single-speaker'>\n                                            <div class='etn-schedule-speaker'>\n                                                                                        <\/div>\n                                        <\/div>\n                                <\/div>\n                            <\/div>\n                        <\/div>\n                                    <\/div>\n            <!-- end repeatable item -->\n            <\/div>\n<\/div>\n<!-- schedule tab end -->\n<\/div>\n\t\t\t\t<\/div>\n\t\t\t\t<\/div>\n\t\t\t\t\t<\/div>\n\t\t\t\t<\/div>\n\t\t\t\t<\/div>\n\t\t","protected":false},"excerpt":{"rendered":"<p>Cronograma do Semin\u00e1rio Comunica\u00e7\u00e3o Digital e Novos Media: que desafios para institui\u00e7\u00f5es p\u00fablicas e privadas? Baixe o Programa do Semin\u00e1rio<\/p>\n","protected":false},"author":1,"featured_media":0,"parent":0,"menu_order":0,"comment_status":"closed","ping_status":"closed","template":"","meta":{"site-sidebar-layout":"no-sidebar","site-content-layout":"","ast-site-content-layout":"full-width-container","site-content-style":"default","site-sidebar-style":"default","ast-global-header-display":"","ast-banner-title-visibility":"","ast-main-header-display":"","ast-hfb-above-header-display":"","ast-hfb-below-header-display":"","ast-hfb-mobile-header-display":"","site-post-title":"disabled","ast-breadcrumbs-content":"","ast-featured-img":"disabled","footer-sml-layout":"","theme-transparent-header-meta":"","adv-header-id-meta":"","stick-header-meta":"","header-above-stick-meta":"","header-main-stick-meta":"","header-below-stick-meta":"","astra-migrate-meta-layouts":"default","ast-page-background-enabled":"default","ast-page-background-meta":{"desktop":{"background-color":"var(--ast-global-color-4)","background-image":"","background-repeat":"repeat","background-position":"center center","background-size":"auto","background-attachment":"scroll","background-type":"","background-media":"","overlay-type":"","overlay-color":"","overlay-opacity":"","overlay-gradient":""},"tablet":{"background-color":"","background-image":"","background-repeat":"repeat","background-position":"center center","background-size":"auto","background-attachment":"scroll","background-type":"","background-media":"","overlay-type":"","overlay-color":"","overlay-opacity":"","overlay-gradient":""},"mobile":{"background-color":"","background-image":"","background-repeat":"repeat","background-position":"center center","background-size":"auto","background-attachment":"scroll","background-type":"","background-media":"","overlay-type":"","overlay-color":"","overlay-opacity":"","overlay-gradient":""}},"ast-content-background-meta":{"desktop":{"background-color":"var(--ast-global-color-5)","background-image":"","background-repeat":"repeat","background-position":"center center","background-size":"auto","background-attachment":"scroll","background-type":"","background-media":"","overlay-type":"","overlay-color":"","overlay-opacity":"","overlay-gradient":""},"tablet":{"background-color":"var(--ast-global-color-5)","background-image":"","background-repeat":"repeat","background-position":"center center","background-size":"auto","background-attachment":"scroll","background-type":"","background-media":"","overlay-type":"","overlay-color":"","overlay-opacity":"","overlay-gradient":""},"mobile":{"background-color":"var(--ast-global-color-5)","background-image":"","background-repeat":"repeat","background-position":"center center","background-size":"auto","background-attachment":"scroll","background-type":"","background-media":"","overlay-type":"","overlay-color":"","overlay-opacity":"","overlay-gradient":""}},"footnotes":""},"class_list":["post-36","page","type-page","status-publish","hentry"],"_links":{"self":[{"href":"https:\/\/seminarios.uem.mz\/index.php?rest_route=\/wp\/v2\/pages\/36","targetHints":{"allow":["GET"]}}],"collection":[{"href":"https:\/\/seminarios.uem.mz\/index.php?rest_route=\/wp\/v2\/pages"}],"about":[{"href":"https:\/\/seminarios.uem.mz\/index.php?rest_route=\/wp\/v2\/types\/page"}],"author":[{"embeddable":true,"href":"https:\/\/seminarios.uem.mz\/index.php?rest_route=\/wp\/v2\/users\/1"}],"replies":[{"embeddable":true,"href":"https:\/\/seminarios.uem.mz\/index.php?rest_route=%2Fwp%2Fv2%2Fcomments&post=36"}],"version-history":[{"count":25,"href":"https:\/\/seminarios.uem.mz\/index.php?rest_route=\/wp\/v2\/pages\/36\/revisions"}],"predecessor-version":[{"id":648,"href":"https:\/\/seminarios.uem.mz\/index.php?rest_route=\/wp\/v2\/pages\/36\/revisions\/648"}],"wp:attachment":[{"href":"https:\/\/seminarios.uem.mz\/index.php?rest_route=%2Fwp%2Fv2%2Fmedia&parent=36"}],"curies":[{"name":"wp","href":"https:\/\/api.w.org\/{rel}","templated":true}]}}